{"id":17064,"date":"2018-09-22T16:45:58","date_gmt":"2018-09-22T16:45:58","guid":{"rendered":"https:\/\/www.la-place.ca\/succursales"},"modified":"2022-09-22T14:12:13","modified_gmt":"2022-09-22T18:12:13","slug":"stores-and-opening-hours-la-place","status":"publish","type":"page","link":"https:\/\/www.la-place.ca\/en\/stores-and-opening-hours-la-place","title":{"rendered":"Stores and Opening hours LA PLACE"},"content":{"rendered":"","protected":false},"excerpt":{"rendered":"","protected":false},"author":1,"featured_media":11161,"parent":0,"menu_order":0,"comment_status":"closed","ping_status":"closed","template":"find-dealer-v2.php","meta":{"_acf_changed":false,"_seopress_robots_primary_cat":"","_seopress_titles_title":"Addresses and Opening Hours | LA PLACE","_seopress_titles_desc":"Find your LA PLACE store. Qu\u00e9bec, L\u00e9vis, Brossard, Laval, Ste-Marie, Trois-Rivi\u00e8res, Chicoutimi, Val-D&#039;or and more.","_seopress_robots_index":"","footnotes":""},"class_list":["post-17064","page","type-page","status-publish","has-post-thumbnail","hentry"],"acf":[],"_links":{"self":[{"href":"https:\/\/www.la-place.ca\/en\/wp-json\/wp\/v2\/pages\/17064","targetHints":{"allow":["GET"]}}],"collection":[{"href":"https:\/\/www.la-place.ca\/en\/wp-json\/wp\/v2\/pages"}],"about":[{"href":"https:\/\/www.la-place.ca\/en\/wp-json\/wp\/v2\/types\/page"}],"author":[{"embeddable":true,"href":"https:\/\/www.la-place.ca\/en\/wp-json\/wp\/v2\/users\/1"}],"replies":[{"embeddable":true,"href":"https:\/\/www.la-place.ca\/en\/wp-json\/wp\/v2\/comments?post=17064"}],"version-history":[{"count":0,"href":"https:\/\/www.la-place.ca\/en\/wp-json\/wp\/v2\/pages\/17064\/revisions"}],"wp:featuredmedia":[{"embeddable":true,"href":"https:\/\/www.la-place.ca\/en\/wp-json\/wp\/v2\/media\/11161"}],"wp:attachment":[{"href":"https:\/\/www.la-place.ca\/en\/wp-json\/wp\/v2\/media?parent=17064"}],"curies":[{"name":"wp","href":"https:\/\/api.w.org\/{rel}","templated":true}]}}