{"id":10012229101,"date":"2024-06-11T15:28:34","date_gmt":"2024-06-11T19:28:34","guid":{"rendered":"https:\/\/www.la-place.ca\/?post_type=product&#038;p=10012229101"},"modified":"2026-04-21T11:05:37","modified_gmt":"2026-04-21T15:05:37","slug":"livingchy-millesime-soft-mattress-veloute","status":"publish","type":"product","link":"https:\/\/www.la-place.ca\/en\/mattresses\/livingchy-millesime-soft-mattress-veloute","title":{"rendered":"Livingchy Mill\u00e9sime Soft Mattress &#8211; Le Velout\u00e9"},"content":{"rendered":"<p style=\"text-align: justify;\"><strong>LIVINGCHY MILL\u00c9SIME : THE ULTIMATE COLLECTION<\/strong><\/p>\r\n<p style=\"text-align: justify;\">Here it is, our best vintage. The ultimate collection, in 4 comforts.<\/p>\r\n<p style=\"text-align: justify;\">The Mill\u00e9sime Velout\u00e9 mattress, with <strong>soft<\/strong> comfort, is an 11&#8243; thick, high-end mattress, made from a combination of valued high-end materials, including <strong>natural latex, memory foam and ActiveIce\u2122 fabric<\/strong>.\u00a0In other words : <strong>breathability, coolness, support, durability <\/strong>and much more.<\/p>\r\n<p style=\"text-align: justify;\">The reputation of <strong>natural latex<\/strong> is well established : a <strong>durable, ecological and airy material<\/strong>. Offering optimal support without the memory effect, latex foam found in Mill\u00e9sime Velout\u00e9 is also <strong>infused with copper,<\/strong> an <strong>antifungal, antibacterial and anti-mite<\/strong> material, contributing to a <strong>purified sleep<\/strong>.<\/p>\r\n<p style=\"text-align: justify;\">In addition to its latex foam, the Mill\u00e9sime Velout\u00e9 mattress is made with <strong>cool gel infused memory foam<\/strong>, which adapts to your curbs as you change positions, thus <strong>reducing pressure points, allowing muscles to relax more quickly and providing spinal support<\/strong>. Combined with a c<strong>overing of ActiveIce\u2122 with thermoregulation technology<\/strong>, also infused with anti-bacterial copper, you will enjoy cool sleep, <strong>without night sweats<\/strong>.<\/p>\r\n<p style=\"text-align: justify;\">Equipped with a high density <strong>convoluted foam<\/strong> with cashmere fibre quilting, Mill\u00e9sime Velout\u00e9 also provides a cozy soft surface as well as a <strong>perimeter of perforated rigid foam preventing mattress sides from collapsing<\/strong>.<\/p>\r\n<p style=\"text-align: justify;\"><a style=\"font-weight: bold;\" href=\"https:\/\/certipur.us\/\">Certified CertiPUR-US<\/a>\u00a0<strong>guaranteed 25 years,<\/strong> this mattress is <strong>proudly made in Quebec, exclusively for LA PLACE.<\/strong>.<\/p>\r\n<p style=\"text-align: justify;\"><strong>Specifically made from :<\/strong><\/p>\r\n\r\n<ul style=\"text-align: justify;\">\r\n \t<li>ActiveIce\u2122 fabric with thermoregulation technology, infused with anti-bacterial copper<\/li>\r\n \t<li>High density convoluted foam with cashmere fibre quilting<\/li>\r\n \t<li>Natural perforated latex foam infused with anti-bacterial copper<\/li>\r\n \t<li>Double layer of Smart Sleep heat insensitive memory foam<\/li>\r\n \t<li>Perimeter of perforated rigid foam preventing mattress sides from collapsing<\/li>\r\n \t<li>CertiPUR-US certified high density foam<\/li>\r\n<\/ul>\r\n<p style=\"text-align: justify;\"><a href=\"\/en\/mattresses\/millesime\">Shop all the Mill\u00e9sime collection \u00bb<\/a><\/p>\r\n<p style=\"text-align: justify;\"><strong>Discover 3 other Mill\u00e9sime comforts:<\/strong><\/p>\r\n\r\n<ul style=\"text-align: justify;\">\r\n \t<li><a href=\"\/en\/mattresses\/medium-firm-millesime-mattress-doux\">The Mill\u00e9sime Doux &#8211; Medium-firm<\/a><\/li>\r\n \t<li><a href=\"\/en\/mattresses\/millesime-extra-firm-mattress-corse\">The Mill\u00e9sime Cors\u00e9 &#8211; Extra-Firm<\/a><\/li>\r\n \t<li><a href=\"\/en\/mattresses\/millesime-firm-mattress-boise\">The Mill\u00e9sime Bois\u00e9 &#8211; Firm<\/a><\/li>\r\n<\/ul>\r\n<p style=\"text-align: justify;\"><strong>Online purchase<\/strong><\/p>\r\n<p style=\"text-align: justify;\">See\u00a0<a href=\"https:\/\/www.la-place.ca\/en\/policies\">our policies (100 Night Trial Program, Shipping Policy, etc.).<\/a>.<\/p>","protected":false},"excerpt":{"rendered":"<p style=\"text-align: justify;\"><strong>Mill\u00e9sime : the ultimate collection.<br \/>\n<\/strong><\/p>\n<p style=\"text-align: justify;\">The Mill\u00e9sime Velout\u00e9 mattress, with <strong>soft<\/strong> comfort, is an 11&#8243; thick, high-end mattress, made from a combination of valued high-end materials, including <strong>natural latex, memory foam and ActiveIce\u2122 fabric<\/strong>.\u00a0In other words : <strong>breathability, coolness, support, durability <\/strong>and much more.<\/p>\n<p style=\"text-align: justify;\">Usually shipped within 10 business days. <a href=\"https:\/\/www.la-place.ca\/en\/policies\">Details \u00bb\u00bb<\/a><\/p>\n","protected":false},"featured_media":10012229732,"comment_status":"open","ping_status":"closed","template":"","meta":{"_acf_changed":false,"_seopress_robots_primary_cat":"none","_seopress_titles_title":"Livingchy Mill\u00e9sime Soft Mattress - Le Velout\u00e9 | LA PLACE","_seopress_titles_desc":"The Mill\u00e9sime Velout\u00e9 luxury soft Quebec mattress: copper-infused natural latex, gel memory foam, ActiveIce fabric, optimal support. Guaranteed 25 years.","_seopress_robots_index":""},"product_brand":[],"product_cat":[1540,1542,687,1533,1272,1534,1541,1546,1538,1539],"product_tag":[1916,1423,1629,1280],"class_list":{"0":"post-10012229101","1":"product","2":"type-product","3":"status-publish","4":"has-post-thumbnail","6":"product_cat-full-mattresses","7":"product_cat-king-mattresses","8":"product_cat-mattresses","9":"product_cat-memory-foam-mattresses","10":"product_cat-millesime","11":"product_cat-natural-latex-mattresses","12":"product_cat-queen-mattresses","13":"product_cat-soft-mattresses","14":"product_cat-twin-mattresses","15":"product_cat-twin-xl-mattresses","16":"product_tag-discount-mattresses","17":"product_tag-high-end-mattresses","18":"product_tag-in-promotion","19":"product_tag-taxes-paid","20":"pa_certifications-certipur-us","21":"pa_epaisseur-totale-11-en-2","22":"pa_grandeurs-matelas-full","23":"pa_grandeurs-matelas-king","24":"pa_grandeurs-matelas-king-split","25":"pa_grandeurs-matelas-queen","26":"pa_grandeurs-matelas-queen-split","27":"pa_grandeurs-matelas-twin","28":"pa_grandeurs-matelas-twin-xl","29":"pa_tissu-airy","30":"pa_tissu-cool-touch-fabric","31":"pa_tissu-thermoregulator","32":"pa_tissu-with-copper-fiber","34":"first","35":"instock","36":"sale","37":"taxable","38":"shipping-taxable","39":"purchasable","40":"product-type-variable"},"acf":[],"_links":{"self":[{"href":"https:\/\/www.la-place.ca\/en\/wp-json\/wp\/v2\/product\/10012229101","targetHints":{"allow":["GET"]}}],"collection":[{"href":"https:\/\/www.la-place.ca\/en\/wp-json\/wp\/v2\/product"}],"about":[{"href":"https:\/\/www.la-place.ca\/en\/wp-json\/wp\/v2\/types\/product"}],"replies":[{"embeddable":true,"href":"https:\/\/www.la-place.ca\/en\/wp-json\/wp\/v2\/comments?post=10012229101"}],"wp:featuredmedia":[{"embeddable":true,"href":"https:\/\/www.la-place.ca\/en\/wp-json\/wp\/v2\/media\/10012229732"}],"wp:attachment":[{"href":"https:\/\/www.la-place.ca\/en\/wp-json\/wp\/v2\/media?parent=10012229101"}],"wp:term":[{"taxonomy":"product_brand","embeddable":true,"href":"https:\/\/www.la-place.ca\/en\/wp-json\/wp\/v2\/product_brand?post=10012229101"},{"taxonomy":"product_cat","embeddable":true,"href":"https:\/\/www.la-place.ca\/en\/wp-json\/wp\/v2\/product_cat?post=10012229101"},{"taxonomy":"product_tag","embeddable":true,"href":"https:\/\/www.la-place.ca\/en\/wp-json\/wp\/v2\/product_tag?post=10012229101"}],"curies":[{"name":"wp","href":"https:\/\/api.w.org\/{rel}","templated":true}]}}