{"id":10012231958,"date":"2024-12-17T10:29:18","date_gmt":"2024-12-17T15:29:18","guid":{"rendered":"https:\/\/www.la-place.ca\/?post_type=product&#038;p=10012231958"},"modified":"2024-12-18T10:09:39","modified_gmt":"2024-12-18T15:09:39","slug":"millesime-boise-memory-foam-pillow","status":"publish","type":"product","link":"https:\/\/www.la-place.ca\/en\/bedding\/pillows\/regular-pillows\/millesime-boise-memory-foam-pillow","title":{"rendered":"Mill\u00e9sime Bois\u00e9 Memory Foam Pillow"},"content":{"rendered":"<p style=\"text-align: justify;\">The <strong>Mill\u00e9sime Bois\u00e9 pillow<\/strong> is an essential that suits <strong>all types of sleepers<\/strong>. Its <strong>memory foam<\/strong> with a <strong>firm comfort<\/strong>, infused with <strong>Aloe Vera oils<\/strong> that have <strong>relaxing<\/strong> and <strong>refreshing<\/strong> properties, is both <strong>eco-friendly<\/strong> and <strong>made from water<\/strong>.<\/p>\r\n<p style=\"text-align: justify;\">Designed to promote <strong>optimal air circulation<\/strong>, the Mill\u00e9sime pillow features <strong>ventilation channels<\/strong>. Additionally, its <strong>Active Ice<\/strong> fabric, made with <strong>antibacterial copper fibers<\/strong>, effectively regulates <strong>body temperature<\/strong> for <strong>cool and comfortable nights<\/strong>.<\/p>\r\n<p style=\"text-align: justify;\"><strong>Guaranteed for 1 year<\/strong>, the Mill\u00e9sime Velout\u00e9 pillow is available in <strong>2 thicknesses<\/strong>:<\/p>\r\n\r\n<ul>\r\n \t<li><strong>Low profile<\/strong> (approximately 4.75&#8221;).<\/li>\r\n \t<li><strong>High profile<\/strong> (approximately 5.25&#8221;).<\/li>\r\n<\/ul>\r\n<p style=\"text-align: justify;\"><strong>Online purchase :<\/strong> See <a href=\"\/en\/policies\">our policies (shipping policy, etc.).<\/a><\/p>\r\n<p style=\"text-align: justify;\"><a href=\"\/en\/bedding\/pillows\">Shop all pillows \u00bb<\/a><\/p>","protected":false},"excerpt":{"rendered":"<p style=\"text-align: justify;\">Discover the<strong> Ultimate Mill\u00e9sime Bois\u00e9 pillow! <\/strong>With<strong> ecological firm memory foam with water and Active Ice thermoregulation tissu<\/strong> offers perfect support, for pleasant nights without heat. Ideal for all types of sleepers, this pillow is available in <strong>2 thicknesses<\/strong>: low profile (approx. 4.75&#8243;) and high profile (approx. 5,25&#8243;).<\/p>\n<p style=\"text-align: justify;\">Usually shipped within 3 to 5 business days. <a href=\"\/en\/policies\">Details \u00bb\u00bb<\/a><\/p>\n","protected":false},"featured_media":10012229327,"comment_status":"open","ping_status":"closed","template":"","meta":{"_acf_changed":false,"_seopress_robots_primary_cat":"none","_seopress_titles_title":"Mill\u00e9sime Bois\u00e9 Cool Fabric Pillow - Firm | LA PLACE","_seopress_titles_desc":"Mill\u00e9sime Bois\u00e9 pillow with firm memory foam, Aloe Vera for relaxation, ventilation channels, and Active Ice fabric for cool, comfortable, and restful sleep.","_seopress_robots_index":""},"product_brand":[],"product_cat":[1568,1571,702,1569],"product_tag":[1280],"class_list":{"0":"post-10012231958","1":"product","2":"type-product","3":"status-publish","4":"has-post-thumbnail","6":"product_cat-bedding","7":"product_cat-memory-foam-pillows","8":"product_cat-pillows","9":"product_cat-regular-pillows","10":"product_tag-taxes-paid","11":"pa_recouvrement-fibre-de-cuivre-en","12":"pa_recouvrement-thermoregulateur-en","13":"pa_recouvrement-tissu-active-ice-en","14":"pa_typeoreiller-regular","16":"first","17":"instock","18":"taxable","19":"shipping-taxable","20":"purchasable","21":"product-type-variable"},"acf":[],"_links":{"self":[{"href":"https:\/\/www.la-place.ca\/en\/wp-json\/wp\/v2\/product\/10012231958","targetHints":{"allow":["GET"]}}],"collection":[{"href":"https:\/\/www.la-place.ca\/en\/wp-json\/wp\/v2\/product"}],"about":[{"href":"https:\/\/www.la-place.ca\/en\/wp-json\/wp\/v2\/types\/product"}],"replies":[{"embeddable":true,"href":"https:\/\/www.la-place.ca\/en\/wp-json\/wp\/v2\/comments?post=10012231958"}],"wp:featuredmedia":[{"embeddable":true,"href":"https:\/\/www.la-place.ca\/en\/wp-json\/wp\/v2\/media\/10012229327"}],"wp:attachment":[{"href":"https:\/\/www.la-place.ca\/en\/wp-json\/wp\/v2\/media?parent=10012231958"}],"wp:term":[{"taxonomy":"product_brand","embeddable":true,"href":"https:\/\/www.la-place.ca\/en\/wp-json\/wp\/v2\/product_brand?post=10012231958"},{"taxonomy":"product_cat","embeddable":true,"href":"https:\/\/www.la-place.ca\/en\/wp-json\/wp\/v2\/product_cat?post=10012231958"},{"taxonomy":"product_tag","embeddable":true,"href":"https:\/\/www.la-place.ca\/en\/wp-json\/wp\/v2\/product_tag?post=10012231958"}],"curies":[{"name":"wp","href":"https:\/\/api.w.org\/{rel}","templated":true}]}}