{"id":17647,"date":"2022-03-21T10:15:53","date_gmt":"2022-03-21T14:15:53","guid":{"rendered":"https:\/\/www.la-place.ca\/boutique\/uncategorized\/extra-ferme-le-vif"},"modified":"2026-04-20T15:19:08","modified_gmt":"2026-04-20T19:19:08","slug":"millesime-extra-firm-mattress-vif","status":"publish","type":"product","link":"https:\/\/www.la-place.ca\/en\/mattresses\/millesime-firm-mattress-boise","title":{"rendered":"Livingchy Mill\u00e9sime Firm Mattress &#8211; Le Bois\u00e9"},"content":{"rendered":"<p style=\"text-align: justify;\"><strong>LIVINGCHY MILL\u00c9SIME : THE ULTIMATE COLLECTION<\/strong><\/p>\r\n<p style=\"text-align: justify;\">Here it is, our best vintage. The ultimate collection, in 4 comforts.<\/p>\r\n<p style=\"text-align: justify;\">The Mill\u00e9sime Bois\u00e9 mattress, with <strong>firm<\/strong> comfort, is an 11&#8243; thick, high-end mattress, made from a combination of valued high-end materials, including <strong>natural latex, memory foam and ActiveIce\u2122 fabric<\/strong>.\u00a0In other words : <strong>breathability, coolness, support, durability <\/strong>and much more.<\/p>\r\n<p style=\"text-align: justify;\">The reputation of <strong>natural latex<\/strong> is well established : a <strong>durable, ecological and airy material<\/strong>. Offering optimal support without the memory effect, latex foam found in Mill\u00e9sime Bois\u00e9 is also <strong>infused with copper,<\/strong> an <strong>antifungal, antibacterial and anti-mite<\/strong> material, contributing to a <strong>purified sleep<\/strong>.<\/p>\r\n<p style=\"text-align: justify;\">In addition to its latex foam, the Mill\u00e9sime Bois\u00e9 mattress is made with <strong>cool gel infused memory foam<\/strong>, which adapts to your curbs as you change positions, thus <strong>reducing pressure points, allowing muscles to relax more quickly and providing spinal support<\/strong>. Combined with a c<strong>overing of ActiveIce\u2122 with thermoregulation technology<\/strong>, also infused with anti-bacterial copper, you will enjoy cool sleep, <strong>without night sweats<\/strong>.<\/p>\r\n<p style=\"text-align: justify;\">Equipped with a high density <strong>convoluted foam<\/strong> with cashmere fibre quilting, the Mill\u00e9sime Bois\u00e9 also provides a cozy soft surface as well as a <strong>perimeter of perforated rigid foam preventing mattress sides from collapsing<\/strong>.<\/p>\r\n<p style=\"text-align: justify;\"><a style=\"font-weight: bold;\" href=\"https:\/\/certipur.us\/\">Certified CertiPUR-US<\/a>\u00a0<strong>guaranteed 25 years,<\/strong> this mattress is <strong>proudly made in Quebec, exclusively for LA PLACE.<\/strong>.<\/p>\r\n<p style=\"text-align: justify;\"><strong>Specifically made from :<\/strong><\/p>\r\n\r\n<ul style=\"text-align: justify;\">\r\n \t<li>ActiveIce\u2122 fabric with thermoregulation technology, infused with anti-bacterial copper<\/li>\r\n \t<li>High density convoluted foam with cashmere fibre quilting<\/li>\r\n \t<li>Natural perforated latex foam infused with anti-bacterial copper<\/li>\r\n \t<li>Smart Sleep heat insensitive memory foam<\/li>\r\n \t<li>Perimeter of perforated rigid foam preventing mattress sides from collapsing<\/li>\r\n \t<li>CertiPUR-US certified high density foam<\/li>\r\n<\/ul>\r\n<p style=\"text-align: justify;\"><a href=\"\/en\/mattresses\/millesime\">Find out more about the Mill\u00e9sime collection\u00bb\u00bb<\/a><\/p>\r\n<p style=\"text-align: justify;\"><strong>Discover 3 other Mill\u00e9sime comforts:<\/strong><\/p>\r\n\r\n<ul style=\"text-align: justify;\">\r\n \t<li><a href=\"\/en\/mattresses\/livingchy-millesime-soft-mattress-veloute\">The Mill\u00e9sime Velout\u00e9 &#8211; Soft<\/a><\/li>\r\n \t<li><a href=\"https:\/\/www.la-place.ca\/en\/mattresses\/millesime-en\/medium-firm-le-doux\">The Mill\u00e9sime Doux &#8211; Medium-firm<\/a><\/li>\r\n \t<li><a href=\"\/en\/mattresses\/millesime-extra-firm-mattress-corse\">The Mill\u00e9sime Cors\u00e9 &#8211; Extra-Firm<\/a><\/li>\r\n<\/ul>\r\n<p style=\"text-align: justify;\"><strong>Online purchase<\/strong><\/p>\r\n<p style=\"text-align: justify;\">See\u00a0<a href=\"https:\/\/www.la-place.ca\/en\/policies\">our policies (100 Night Trial Program, Shipping Policy, etc.).<\/a>.<\/p>","protected":false},"excerpt":{"rendered":"<p style=\"text-align: justify;\"><strong>Mill\u00e9sime : the ultimate collection.<br \/>\n<\/strong><\/p>\n<p style=\"text-align: justify;\">The Mill\u00e9sime Bois\u00e9 mattress, with <strong>firm<\/strong> comfort, is an 11&#8243; thick, high-end mattress, made from a combination of valued high-end materials, including <strong>natural latex, memory foam and ActiveIce\u2122 fabric<\/strong>.\u00a0In other words : <strong>breathability, coolness, support, durability <\/strong>and much more.<\/p>\n<p style=\"text-align: justify;\">Usually shipped within 10 business days. <a href=\"https:\/\/www.la-place.ca\/en\/policies\">Details \u00bb\u00bb<\/a><\/p>\n","protected":false},"featured_media":12226065,"comment_status":"open","ping_status":"closed","template":"","meta":{"_acf_changed":false,"_seopress_robots_primary_cat":"none","_seopress_titles_title":"Livingchy Mill\u00e9sime Firm Mattress - Le Bois\u00e9 | LA PLACE","_seopress_titles_desc":"The Mill\u00e9sime Bois\u00e9 luxury firm Quebec mattress: copper-infused natural latex, gel memory foam, ActiveIce fabric, optimal support. Guaranteed 25 years.","_seopress_robots_index":""},"product_brand":[],"product_cat":[1544,1540,1542,687,1533,1272,1534,1541,1539],"product_tag":[1916,1423,1629,1280],"class_list":{"0":"post-17647","1":"product","2":"type-product","3":"status-publish","4":"has-post-thumbnail","6":"product_cat-firm-mattresses","7":"product_cat-full-mattresses","8":"product_cat-king-mattresses","9":"product_cat-mattresses","10":"product_cat-memory-foam-mattresses","11":"product_cat-millesime","12":"product_cat-natural-latex-mattresses","13":"product_cat-queen-mattresses","14":"product_cat-twin-xl-mattresses","15":"product_tag-discount-mattresses","16":"product_tag-high-end-mattresses","17":"product_tag-in-promotion","18":"product_tag-taxes-paid","19":"pa_certifications-certipur-us","20":"pa_epaisseur-totale-11-en-2","21":"pa_grandeurs-matelas-full","22":"pa_grandeurs-matelas-king","23":"pa_grandeurs-matelas-king-split","24":"pa_grandeurs-matelas-queen","25":"pa_grandeurs-matelas-queen-split","26":"pa_grandeurs-matelas-twin","27":"pa_grandeurs-matelas-twin-xl","28":"pa_tissu-airy","29":"pa_tissu-cool-touch-fabric","30":"pa_tissu-thermoregulator","31":"pa_tissu-with-copper-fiber","33":"first","34":"instock","35":"sale","36":"taxable","37":"shipping-taxable","38":"purchasable","39":"product-type-variable"},"acf":[],"_links":{"self":[{"href":"https:\/\/www.la-place.ca\/en\/wp-json\/wp\/v2\/product\/17647","targetHints":{"allow":["GET"]}}],"collection":[{"href":"https:\/\/www.la-place.ca\/en\/wp-json\/wp\/v2\/product"}],"about":[{"href":"https:\/\/www.la-place.ca\/en\/wp-json\/wp\/v2\/types\/product"}],"replies":[{"embeddable":true,"href":"https:\/\/www.la-place.ca\/en\/wp-json\/wp\/v2\/comments?post=17647"}],"wp:featuredmedia":[{"embeddable":true,"href":"https:\/\/www.la-place.ca\/en\/wp-json\/wp\/v2\/media\/12226065"}],"wp:attachment":[{"href":"https:\/\/www.la-place.ca\/en\/wp-json\/wp\/v2\/media?parent=17647"}],"wp:term":[{"taxonomy":"product_brand","embeddable":true,"href":"https:\/\/www.la-place.ca\/en\/wp-json\/wp\/v2\/product_brand?post=17647"},{"taxonomy":"product_cat","embeddable":true,"href":"https:\/\/www.la-place.ca\/en\/wp-json\/wp\/v2\/product_cat?post=17647"},{"taxonomy":"product_tag","embeddable":true,"href":"https:\/\/www.la-place.ca\/en\/wp-json\/wp\/v2\/product_tag?post=17647"}],"curies":[{"name":"wp","href":"https:\/\/api.w.org\/{rel}","templated":true}]}}